{"id":2747,"date":"2025-06-05T21:36:37","date_gmt":"2025-06-05T21:36:37","guid":{"rendered":"https:\/\/centrodeposgraduacao.com.br\/principal\/?page_id=2747"},"modified":"2025-06-05T21:36:37","modified_gmt":"2025-06-05T21:36:37","slug":"ficha-de-inscricao-especializacao-medicina-do-trabalho-pos-graduacao-recife-pe","status":"publish","type":"page","link":"https:\/\/centrodeposgraduacao.com.br\/principal\/ficha-de-inscricao-especializacao-medicina-do-trabalho-pos-graduacao-recife-pe\/","title":{"rendered":"Ficha de Inscri\u00e7\u00e3o Especializa\u00e7\u00e3o Medicina do Trabalho \u2013 P\u00f3s Gradua\u00e7\u00e3o \u2013 Recife\/PE"},"content":{"rendered":"<div class=\"fusion-fullwidth fullwidth-box fusion-builder-row-1 fusion-flex-container nonhundred-percent-fullwidth non-hundred-percent-height-scrolling\" style=\"background-color: rgba(255,255,255,0);background-position: center center;background-repeat: no-repeat;border-width: 0px 0px 0px 0px;border-color:#e7e4e2;border-style:solid;\" ><div class=\"fusion-builder-row fusion-row fusion-flex-align-items-flex-start\" style=\"max-width:1331.2px;margin-left: calc(-4% \/ 2 );margin-right: calc(-4% \/ 2 );\"><div class=\"fusion-layout-column fusion_builder_column fusion-builder-column-0 fusion_builder_column_1_4 1_4 fusion-flex-column\"><div class=\"fusion-column-wrapper fusion-flex-justify-content-flex-start fusion-content-layout-column\" style=\"background-position:left top;background-repeat:no-repeat;-webkit-background-size:cover;-moz-background-size:cover;-o-background-size:cover;background-size:cover;padding: 0px 0px 0px 0px;\"><\/div><style type=\"text\/css\">.fusion-body .fusion-builder-column-0{width:25% !important;margin-top : 10px;margin-bottom : 10px;}.fusion-builder-column-0 > .fusion-column-wrapper {padding-top : 0px !important;padding-right : 0px !important;margin-right : 7.68%;padding-bottom : 0px !important;padding-left : 0px !important;margin-left : 7.68%;}@media only screen and (max-width:1024px) {.fusion-body .fusion-builder-column-0{width:100% !important;order : 0;}.fusion-builder-column-0 > .fusion-column-wrapper {margin-right : 1.92%;margin-left : 1.92%;}}@media only screen and (max-width:640px) {.fusion-body .fusion-builder-column-0{width:100% !important;order : 0;}.fusion-builder-column-0 > .fusion-column-wrapper {margin-right : 1.92%;margin-left : 1.92%;}}<\/style><\/div><div class=\"fusion-layout-column fusion_builder_column fusion-builder-column-1 fusion_builder_column_1_2 1_2 fusion-flex-column\"><div class=\"fusion-column-wrapper fusion-flex-justify-content-flex-start fusion-content-layout-column\" style=\"background-position:left top;background-repeat:no-repeat;-webkit-background-size:cover;-moz-background-size:cover;-o-background-size:cover;background-size:cover;padding: 0px 0px 0px 0px;\"><div class=\"fusion-text fusion-text-1\"><div role=\"form\" class=\"wpcf7\" id=\"wpcf7-f2746-o1\" lang=\"pt-BR\" dir=\"ltr\">\n<div class=\"screen-reader-response\"><p role=\"status\" aria-live=\"polite\" aria-atomic=\"true\"><\/p> <ul><\/ul><\/div>\n<form action=\"\/principal\/wp-json\/wp\/v2\/pages\/2747#wpcf7-f2746-o1\" method=\"post\" class=\"wpcf7-form init\" enctype=\"multipart\/form-data\" novalidate=\"novalidate\" data-status=\"init\">\n<div style=\"display: none;\">\n<input type=\"hidden\" name=\"_wpcf7\" value=\"2746\" \/>\n<input type=\"hidden\" name=\"_wpcf7_version\" value=\"5.4.2\" \/>\n<input type=\"hidden\" name=\"_wpcf7_locale\" value=\"pt_BR\" \/>\n<input type=\"hidden\" name=\"_wpcf7_unit_tag\" value=\"wpcf7-f2746-o1\" \/>\n<input type=\"hidden\" name=\"_wpcf7_container_post\" value=\"0\" \/>\n<input type=\"hidden\" name=\"_wpcf7_posted_data_hash\" value=\"\" \/>\n<\/div>\n<p><label> Nome Completo*<br \/>\n    <span class=\"wpcf7-form-control-wrap your-name\"><input type=\"text\" name=\"your-name\" value=\"\" size=\"40\" class=\"wpcf7-form-control wpcf7-text wpcf7-validates-as-required\" aria-required=\"true\" aria-invalid=\"false\" \/><\/span> <\/label><\/p>\n<p><label> Graduado em*<br \/>\n    <span class=\"wpcf7-form-control-wrap graducao\"><input type=\"text\" name=\"graducao\" value=\"\" size=\"40\" class=\"wpcf7-form-control wpcf7-text wpcf7-validates-as-required\" aria-required=\"true\" aria-invalid=\"false\" \/><\/span> <\/label><\/p>\n<p><label> Institui\u00e7\u00e3o da Gradua\u00e7\u00e3o*<br \/>\n    <span class=\"wpcf7-form-control-wrap instituicao\"><input type=\"text\" name=\"instituicao\" value=\"\" size=\"40\" class=\"wpcf7-form-control wpcf7-text wpcf7-validates-as-required\" aria-required=\"true\" aria-invalid=\"false\" \/><\/span> <\/label><\/p>\n<p><label> Ano de conclus\u00e3o da Gradua\u00e7\u00e3o*<br \/>\n    <span class=\"wpcf7-form-control-wrap conclusao\"><input type=\"number\" name=\"conclusao\" value=\"\" class=\"wpcf7-form-control wpcf7-number wpcf7-validates-as-required wpcf7-validates-as-number\" min=\"1900\" max=\"2022\" aria-required=\"true\" aria-invalid=\"false\" \/><\/span> <\/label><\/p>\n<p><label> Data Nascimento*<br \/>\n    <span class=\"wpcf7-form-control-wrap nascimento\"><input type=\"date\" name=\"nascimento\" value=\"\" class=\"wpcf7-form-control wpcf7-date wpcf7-validates-as-date\" aria-invalid=\"false\" \/><\/span><\/label><\/p>\n<p><label> Sexo*<br \/>\n    <span class=\"wpcf7-form-control-wrap sexo\"><span class=\"wpcf7-form-control wpcf7-radio\"><span class=\"wpcf7-list-item first\"><label><input type=\"radio\" name=\"sexo\" value=\"Masculino\" checked=\"checked\" \/><span class=\"wpcf7-list-item-label\">Masculino<\/span><\/label><\/span><span class=\"wpcf7-list-item last\"><label><input type=\"radio\" name=\"sexo\" value=\"Feminino\" \/><span class=\"wpcf7-list-item-label\">Feminino<\/span><\/label><\/span><\/span><\/span> <\/label><\/p>\n<p><label> Naturalidade*<br \/>\n    <span class=\"wpcf7-form-control-wrap naturalidade\"><input type=\"text\" name=\"naturalidade\" value=\"\" size=\"40\" class=\"wpcf7-form-control wpcf7-text wpcf7-validates-as-required\" aria-required=\"true\" aria-invalid=\"false\" \/><\/span> <\/label><\/p>\n<p><label> Nacionalidade*<br \/>\n    <span class=\"wpcf7-form-control-wrap nacionalidade\"><input type=\"text\" name=\"nacionalidade\" value=\"\" size=\"40\" class=\"wpcf7-form-control wpcf7-text wpcf7-validates-as-required\" aria-required=\"true\" aria-invalid=\"false\" \/><\/span> <\/label><\/p>\n<p><label> Estado Civil*<br \/>\n    <span class=\"wpcf7-form-control-wrap estado-civil\"><select name=\"estado-civil\" class=\"wpcf7-form-control wpcf7-select wpcf7-validates-as-required\" aria-required=\"true\" aria-invalid=\"false\"><option value=\"\">---<\/option><option value=\"Solteiro\">Solteiro<\/option><option value=\"Casado\">Casado<\/option><option value=\"Divorciado\">Divorciado<\/option><option value=\"Separado\">Separado<\/option><option value=\"Vi\u00favo\">Vi\u00favo<\/option><\/select><\/span> <\/label><\/p>\n<p><label> Documento de Identidade n\u00ba*<br \/>\n    <span class=\"wpcf7-form-control-wrap documento\"><input type=\"text\" name=\"documento\" value=\"\" size=\"40\" class=\"wpcf7-form-control wpcf7-text wpcf7-validates-as-required\" aria-required=\"true\" aria-invalid=\"false\" \/><\/span> <\/label><\/p>\n<p><label> \u00d3rg\u00e3o Expedidor*<br \/>\n    <span class=\"wpcf7-form-control-wrap expeditor\"><input type=\"text\" name=\"expeditor\" value=\"\" size=\"40\" class=\"wpcf7-form-control wpcf7-text wpcf7-validates-as-required\" aria-required=\"true\" aria-invalid=\"false\" \/><\/span> <\/label><\/p>\n<p><label> CPF*<br \/>\n    <span class=\"wpcf7-form-control-wrap cpf\"><input type=\"text\" name=\"cpf\" value=\"\" size=\"40\" class=\"wpcf7-form-control wpcf7-text wpcf7-validates-as-required\" aria-required=\"true\" aria-invalid=\"false\" \/><\/span> <\/label><\/p>\n<p><label> Endere\u00e7o Residencial*<br \/>\n    <span class=\"wpcf7-form-control-wrap endereco\"><input type=\"text\" name=\"endereco\" value=\"\" size=\"40\" class=\"wpcf7-form-control wpcf7-text wpcf7-validates-as-required\" aria-required=\"true\" aria-invalid=\"false\" \/><\/span> <\/label><\/p>\n<p><label> Bairro*<br \/>\n    <span class=\"wpcf7-form-control-wrap bairro\"><input type=\"text\" name=\"bairro\" value=\"\" size=\"40\" class=\"wpcf7-form-control wpcf7-text wpcf7-validates-as-required\" aria-required=\"true\" aria-invalid=\"false\" \/><\/span> <\/label><\/p>\n<p><label> CEP*<br \/>\n    <span class=\"wpcf7-form-control-wrap cep\"><input type=\"text\" name=\"cep\" value=\"\" size=\"40\" class=\"wpcf7-form-control wpcf7-text wpcf7-validates-as-required\" aria-required=\"true\" aria-invalid=\"false\" \/><\/span> <\/label><\/p>\n<p><label> Cidade*<br \/>\n    <span class=\"wpcf7-form-control-wrap cidade\"><input type=\"text\" name=\"cidade\" value=\"\" size=\"40\" class=\"wpcf7-form-control wpcf7-text wpcf7-validates-as-required\" aria-required=\"true\" aria-invalid=\"false\" \/><\/span> <\/label><\/p>\n<p><label> Estado*<br \/>\n     <span class=\"wpcf7-form-control-wrap estado\"><select name=\"estado\" class=\"wpcf7-form-control wpcf7-select wpcf7-validates-as-required\" aria-required=\"true\" aria-invalid=\"false\"><option value=\"\">---<\/option><option value=\"Acre\">Acre<\/option><option value=\"Alagoas\">Alagoas<\/option><option value=\"Amap\u00e1\">Amap\u00e1<\/option><option value=\"Amazonas\">Amazonas<\/option><option value=\"Bahia\">Bahia<\/option><option value=\"Cear\u00e1\">Cear\u00e1<\/option><option value=\"Distrito Federal\">Distrito Federal<\/option><option value=\"Esp\u00edrito Santo\">Esp\u00edrito Santo<\/option><option value=\"Goi\u00e1s\">Goi\u00e1s<\/option><option value=\"Maranh\u00e3o\">Maranh\u00e3o<\/option><option value=\"Mato Grosso\">Mato Grosso<\/option><option value=\"Mato Grosso do Sul\">Mato Grosso do Sul<\/option><option value=\"Minas Gerais\">Minas Gerais<\/option><option value=\"Par\u00e1\">Par\u00e1<\/option><option value=\"Para\u00edba\">Para\u00edba<\/option><option value=\"Paran\u00e1\">Paran\u00e1<\/option><option value=\"Pernambuco\">Pernambuco<\/option><option value=\"Piau\u00ed\">Piau\u00ed<\/option><option value=\"Rio de Janeiro\">Rio de Janeiro<\/option><option value=\"Rio Grande do Norte\">Rio Grande do Norte<\/option><option value=\"Rio Grande do Sul\">Rio Grande do Sul<\/option><option value=\"Rond\u00f4nia\">Rond\u00f4nia<\/option><option value=\"Roraima\">Roraima<\/option><option value=\"Santa Catarina\">Santa Catarina<\/option><option value=\"S\u00e3o Paulo\">S\u00e3o Paulo<\/option><option value=\"Sergipe\">Sergipe<\/option><option value=\"Tocantins\">Tocantins<\/option><\/select><\/span><\/label><\/p>\n<p><label> Telefone Residencial*<br \/>\n    <span class=\"wpcf7-form-control-wrap residencial\"><input type=\"tel\" name=\"residencial\" value=\"\" size=\"40\" class=\"wpcf7-form-control wpcf7-text wpcf7-tel wpcf7-validates-as-required wpcf7-validates-as-tel\" aria-required=\"true\" aria-invalid=\"false\" \/><\/span> <\/label><\/p>\n<p><label> Telefone Comercial*<br \/>\n    <span class=\"wpcf7-form-control-wrap comercial\"><input type=\"tel\" name=\"comercial\" value=\"\" size=\"40\" class=\"wpcf7-form-control wpcf7-text wpcf7-tel wpcf7-validates-as-required wpcf7-validates-as-tel\" aria-required=\"true\" aria-invalid=\"false\" \/><\/span> <\/label><\/p>\n<p><label> Telefone Celular*<br \/>\n    <span class=\"wpcf7-form-control-wrap celular\"><input type=\"tel\" name=\"celular\" value=\"\" size=\"40\" class=\"wpcf7-form-control wpcf7-text wpcf7-tel wpcf7-validates-as-required wpcf7-validates-as-tel\" aria-required=\"true\" aria-invalid=\"false\" \/><\/span> <\/label><\/p>\n<p><label> E-mail*<br \/>\n    <span class=\"wpcf7-form-control-wrap your-email\"><input type=\"email\" name=\"your-email\" value=\"\" size=\"40\" class=\"wpcf7-form-control wpcf7-text wpcf7-email wpcf7-validates-as-required wpcf7-validates-as-email\" aria-required=\"true\" aria-invalid=\"false\" \/><\/span> <\/label><\/p>\n<p><label> C\u00f3pia do diploma de gradua\u00e7\u00e3o ou declara\u00e7\u00e3o de conclus\u00e3o do curso superior*<br \/>\n    <span class=\"wpcf7-form-control-wrap diploma_file\"><input type=\"file\" name=\"diploma_file\" size=\"40\" class=\"wpcf7-form-control wpcf7-file wpcf7-validates-as-required\" accept=\".jpg,.jpeg,.png,.gif,.pdf,.doc,.docx,.ppt,.pptx,.odt,.avi,.ogg,.m4a,.mov,.mp3,.mp4,.mpg,.wav,.wmv\" aria-required=\"true\" aria-invalid=\"false\" \/><\/span> <\/label><\/p>\n<p><label> C\u00f3pia do RG e CPF*<br \/>\n    <span class=\"wpcf7-form-control-wrap rg_cpf_file\"><input type=\"file\" name=\"rg_cpf_file\" size=\"40\" class=\"wpcf7-form-control wpcf7-file wpcf7-validates-as-required\" accept=\".jpg,.jpeg,.png,.gif,.pdf,.doc,.docx,.ppt,.pptx,.odt,.avi,.ogg,.m4a,.mov,.mp3,.mp4,.mpg,.wav,.wmv\" aria-required=\"true\" aria-invalid=\"false\" \/><\/span> <\/label><\/p>\n<p><label> C\u00f3pia do comprovante de endere\u00e7o*<br \/>\n    <span class=\"wpcf7-form-control-wrap endereco_file\"><input type=\"file\" name=\"endereco_file\" size=\"40\" class=\"wpcf7-form-control wpcf7-file wpcf7-validates-as-required\" accept=\".jpg,.jpeg,.png,.gif,.pdf,.doc,.docx,.ppt,.pptx,.odt,.avi,.ogg,.m4a,.mov,.mp3,.mp4,.mpg,.wav,.wmv\" aria-required=\"true\" aria-invalid=\"false\" \/><\/span> <\/label><\/p>\n<p><b>No primeiro dia de aula, apresentar:<\/b><\/p>\n<p>- 02 c\u00f3pias autenticadas do diploma de gradua\u00e7\u00e3o ou declara\u00e7\u00e3o de conclus\u00e3o do curso superior.<\/p>\n<p>- A realiza\u00e7\u00e3o do curso estar\u00e1 sujeita a um n\u00famero m\u00ednimo de inscri\u00e7\u00f5es.<\/p>\n<p>- A inscri\u00e7\u00e3o s\u00f3 ser\u00e1 considerada v\u00e1lida, ap\u00f3s o preenchimento da ficha de matr\u00edcula, encaminhamento de todos os documentos necess\u00e1rios e pagamento da taxa de matr\u00edcula.<\/p>\n<p>- Ap\u00f3s o preenchimento e confirma\u00e7\u00e3o do cadastro e entrega da documenta\u00e7\u00e3o, o dossi\u00ea do aluno ser\u00e1 enviado \u00e0 secretaria da P\u00f3sPUC para an\u00e1lise e confirma\u00e7\u00e3o da matr\u00edcula.<\/p>\n<p><span class=\"wpcf7-form-control-wrap maioridade\"><span class=\"wpcf7-form-control wpcf7-acceptance\"><span class=\"wpcf7-list-item\"><label><input type=\"checkbox\" name=\"maioridade\" value=\"1\" aria-invalid=\"false\" \/><span class=\"wpcf7-list-item-label\">Declaro ter 18 anos ou mais<\/span><\/label><\/span><\/span><\/span><\/p>\n<p><span class=\"wpcf7-form-control-wrap promocionais\"><span class=\"wpcf7-form-control wpcf7-acceptance optional\"><span class=\"wpcf7-list-item\"><label><input type=\"checkbox\" name=\"promocionais\" value=\"1\" aria-invalid=\"false\" \/><span class=\"wpcf7-list-item-label\">Desejo receber e-mails promocionais do Centro de P\u00f3s-gradua\u00e7\u00e3o<\/span><\/label><\/span><\/span><\/span><\/p>\n<p>*Todos os campos s\u00e3o obrigat\u00f3rios para o envio<br \/>\n<div class=\"anr_captcha_field\"><div id=\"anr_captcha_field_1\" class=\"anr_captcha_field_div\"><\/div><\/div><span class=\"wpcf7-form-control-wrap g-recaptcha-response\"><\/span><\/p>\n<p><input type=\"submit\" value=\"Enviar\" class=\"wpcf7-form-control wpcf7-submit\" \/><\/p>\n<div class=\"fusion-alert alert custom alert-custom fusion-alert-center wpcf7-response-output fusion-alert-capitalize alert-dismissable\" style=\"border-width:1px;\"><button type=\"button\" class=\"close toggle-alert\" data-dismiss=\"alert\" aria-label=\"Close\">&times;<\/button><div class=\"fusion-alert-content-wrapper\"><span class=\"fusion-alert-content\"><\/span><\/div><\/div><\/form><\/div>\n<\/div><\/div><style type=\"text\/css\">.fusion-body .fusion-builder-column-1{width:50% !important;margin-top : 10px;margin-bottom : 10px;}.fusion-builder-column-1 > .fusion-column-wrapper {padding-top : 0px !important;padding-right : 0px !important;margin-right : 3.84%;padding-bottom : 0px !important;padding-left : 0px !important;margin-left : 3.84%;}@media only screen and (max-width:1024px) {.fusion-body .fusion-builder-column-1{width:100% !important;order : 0;}.fusion-builder-column-1 > .fusion-column-wrapper {margin-right : 1.92%;margin-left : 1.92%;}}@media only screen and (max-width:640px) {.fusion-body .fusion-builder-column-1{width:100% !important;order : 0;}.fusion-builder-column-1 > .fusion-column-wrapper {margin-right : 1.92%;margin-left : 1.92%;}}<\/style><\/div><div class=\"fusion-layout-column fusion_builder_column fusion-builder-column-2 fusion_builder_column_1_4 1_4 fusion-flex-column\"><div class=\"fusion-column-wrapper fusion-flex-justify-content-flex-start fusion-content-layout-column\" style=\"background-position:left top;background-repeat:no-repeat;-webkit-background-size:cover;-moz-background-size:cover;-o-background-size:cover;background-size:cover;padding: 0px 0px 0px 0px;\"><\/div><style type=\"text\/css\">.fusion-body .fusion-builder-column-2{width:25% !important;margin-top : 10px;margin-bottom : 10px;}.fusion-builder-column-2 > .fusion-column-wrapper {padding-top : 0px !important;padding-right : 0px !important;margin-right : 7.68%;padding-bottom : 0px !important;padding-left : 0px !important;margin-left : 7.68%;}@media only screen and (max-width:1024px) {.fusion-body .fusion-builder-column-2{width:100% !important;order : 0;}.fusion-builder-column-2 > .fusion-column-wrapper {margin-right : 1.92%;margin-left : 1.92%;}}@media only screen and (max-width:640px) {.fusion-body .fusion-builder-column-2{width:100% !important;order : 0;}.fusion-builder-column-2 > .fusion-column-wrapper {margin-right : 1.92%;margin-left : 1.92%;}}<\/style><\/div><\/div><style type=\"text\/css\">.fusion-body .fusion-flex-container.fusion-builder-row-1{ padding-top : 0px;margin-top : 0px;padding-right : 0px;padding-bottom : 0px;margin-bottom : 0px;padding-left : 0px;}<\/style><\/div>\n","protected":false},"excerpt":{"rendered":"Nome Completo* Graduado em* Institui\u00e7\u00e3o da Gradua\u00e7\u00e3o* Ano de conclus\u00e3o da Gradua\u00e7\u00e3o* Data Nascimento* Sexo* MasculinoFeminino Naturalidade* Nacionalidade* Estado Civil* ---SolteiroCasadoDivorciadoSeparadoVi\u00favo Documento de Identidade n\u00ba* \u00d3rg\u00e3o Expedidor* CPF* Endere\u00e7o Residencial* Bairro* CEP* Cidade* Estado* ---AcreAlagoasAmap\u00e1AmazonasBahiaCear\u00e1Distrito FederalEsp\u00edrito SantoGoi\u00e1sMaranh\u00e3oMato GrossoMato Grosso do SulMinas GeraisPar\u00e1Para\u00edbaParan\u00e1PernambucoPiau\u00edRio de JaneiroRio Grande do NorteRio Grande do SulRond\u00f4niaRoraimaSanta CatarinaS\u00e3o PauloSergipeTocantins Telefone Residencial* Telefone Comercial* Telefone Celular* E-mail* C\u00f3pia do diploma de gradua\u00e7\u00e3o ou declara\u00e7\u00e3o de conclus\u00e3o do curso superior* C\u00f3pia do RG e CPF* C\u00f3pia do comprovante de endere\u00e7o* No primeiro dia de aula, apresentar: - 02 c\u00f3pias autenticadas do diploma de gradua\u00e7\u00e3o ou declara\u00e7\u00e3o de conclus\u00e3o do curso [...]","protected":false},"author":6,"featured_media":0,"parent":0,"menu_order":0,"comment_status":"closed","ping_status":"closed","template":"","meta":[],"yoast_head":"<!-- This site is optimized with the Yoast SEO plugin v16.8 - https:\/\/yoast.com\/wordpress\/plugins\/seo\/ -->\n<title>Ficha de Inscri\u00e7\u00e3o Especializa\u00e7\u00e3o Medicina do Trabalho \u2013 P\u00f3s Gradua\u00e7\u00e3o \u2013 Recife\/PE - Centro de P\u00f3s Gradua\u00e7\u00e3o<\/title>\n<meta name=\"robots\" content=\"index, follow, max-snippet:-1, max-image-preview:large, max-video-preview:-1\" \/>\n<link rel=\"canonical\" href=\"https:\/\/centrodeposgraduacao.com.br\/principal\/ficha-de-inscricao-especializacao-medicina-do-trabalho-pos-graduacao-recife-pe\/\" \/>\n<meta property=\"og:locale\" content=\"pt_BR\" \/>\n<meta property=\"og:type\" content=\"article\" \/>\n<meta property=\"og:title\" content=\"Ficha de Inscri\u00e7\u00e3o Especializa\u00e7\u00e3o Medicina do Trabalho \u2013 P\u00f3s Gradua\u00e7\u00e3o \u2013 Recife\/PE - Centro de P\u00f3s Gradua\u00e7\u00e3o\" \/>\n<meta property=\"og:url\" content=\"https:\/\/centrodeposgraduacao.com.br\/principal\/ficha-de-inscricao-especializacao-medicina-do-trabalho-pos-graduacao-recife-pe\/\" \/>\n<meta property=\"og:site_name\" content=\"Centro de P\u00f3s Gradua\u00e7\u00e3o\" \/>\n<meta name=\"twitter:card\" content=\"summary_large_image\" \/>\n<meta name=\"twitter:label1\" content=\"Est. tempo de leitura\" \/>\n\t<meta name=\"twitter:data1\" content=\"5 minutos\" \/>\n<script type=\"application\/ld+json\" class=\"yoast-schema-graph\">{\"@context\":\"https:\/\/schema.org\",\"@graph\":[{\"@type\":\"WebSite\",\"@id\":\"https:\/\/centrodeposgraduacao.com.br\/principal\/#website\",\"url\":\"https:\/\/centrodeposgraduacao.com.br\/principal\/\",\"name\":\"Centro de P\\u00f3s Gradua\\u00e7\\u00e3o\",\"description\":\"\",\"potentialAction\":[{\"@type\":\"SearchAction\",\"target\":{\"@type\":\"EntryPoint\",\"urlTemplate\":\"https:\/\/centrodeposgraduacao.com.br\/principal\/?s={search_term_string}\"},\"query-input\":\"required name=search_term_string\"}],\"inLanguage\":\"pt-BR\"},{\"@type\":\"WebPage\",\"@id\":\"https:\/\/centrodeposgraduacao.com.br\/principal\/ficha-de-inscricao-especializacao-medicina-do-trabalho-pos-graduacao-recife-pe\/#webpage\",\"url\":\"https:\/\/centrodeposgraduacao.com.br\/principal\/ficha-de-inscricao-especializacao-medicina-do-trabalho-pos-graduacao-recife-pe\/\",\"name\":\"Ficha de Inscri\\u00e7\\u00e3o Especializa\\u00e7\\u00e3o Medicina do Trabalho \\u2013 P\\u00f3s Gradua\\u00e7\\u00e3o \\u2013 Recife\/PE - Centro de P\\u00f3s Gradua\\u00e7\\u00e3o\",\"isPartOf\":{\"@id\":\"https:\/\/centrodeposgraduacao.com.br\/principal\/#website\"},\"datePublished\":\"2025-06-05T21:36:37+00:00\",\"dateModified\":\"2025-06-05T21:36:37+00:00\",\"breadcrumb\":{\"@id\":\"https:\/\/centrodeposgraduacao.com.br\/principal\/ficha-de-inscricao-especializacao-medicina-do-trabalho-pos-graduacao-recife-pe\/#breadcrumb\"},\"inLanguage\":\"pt-BR\",\"potentialAction\":[{\"@type\":\"ReadAction\",\"target\":[\"https:\/\/centrodeposgraduacao.com.br\/principal\/ficha-de-inscricao-especializacao-medicina-do-trabalho-pos-graduacao-recife-pe\/\"]}]},{\"@type\":\"BreadcrumbList\",\"@id\":\"https:\/\/centrodeposgraduacao.com.br\/principal\/ficha-de-inscricao-especializacao-medicina-do-trabalho-pos-graduacao-recife-pe\/#breadcrumb\",\"itemListElement\":[{\"@type\":\"ListItem\",\"position\":1,\"name\":\"In\\u00edcio\",\"item\":\"https:\/\/centrodeposgraduacao.com.br\/principal\/\"},{\"@type\":\"ListItem\",\"position\":2,\"name\":\"Ficha de Inscri\\u00e7\\u00e3o Especializa\\u00e7\\u00e3o Medicina do Trabalho \\u2013 P\\u00f3s Gradua\\u00e7\\u00e3o \\u2013 Recife\/PE\"}]}]}<\/script>\n<!-- \/ Yoast SEO plugin. -->","yoast_head_json":{"title":"Ficha de Inscri\u00e7\u00e3o Especializa\u00e7\u00e3o Medicina do Trabalho \u2013 P\u00f3s Gradua\u00e7\u00e3o \u2013 Recife\/PE - Centro de P\u00f3s Gradua\u00e7\u00e3o","robots":{"index":"index","follow":"follow","max-snippet":"max-snippet:-1","max-image-preview":"max-image-preview:large","max-video-preview":"max-video-preview:-1"},"canonical":"https:\/\/centrodeposgraduacao.com.br\/principal\/ficha-de-inscricao-especializacao-medicina-do-trabalho-pos-graduacao-recife-pe\/","og_locale":"pt_BR","og_type":"article","og_title":"Ficha de Inscri\u00e7\u00e3o Especializa\u00e7\u00e3o Medicina do Trabalho \u2013 P\u00f3s Gradua\u00e7\u00e3o \u2013 Recife\/PE - Centro de P\u00f3s Gradua\u00e7\u00e3o","og_url":"https:\/\/centrodeposgraduacao.com.br\/principal\/ficha-de-inscricao-especializacao-medicina-do-trabalho-pos-graduacao-recife-pe\/","og_site_name":"Centro de P\u00f3s Gradua\u00e7\u00e3o","twitter_card":"summary_large_image","twitter_misc":{"Est. tempo de leitura":"5 minutos"},"schema":{"@context":"https:\/\/schema.org","@graph":[{"@type":"WebSite","@id":"https:\/\/centrodeposgraduacao.com.br\/principal\/#website","url":"https:\/\/centrodeposgraduacao.com.br\/principal\/","name":"Centro de P\u00f3s Gradua\u00e7\u00e3o","description":"","potentialAction":[{"@type":"SearchAction","target":{"@type":"EntryPoint","urlTemplate":"https:\/\/centrodeposgraduacao.com.br\/principal\/?s={search_term_string}"},"query-input":"required name=search_term_string"}],"inLanguage":"pt-BR"},{"@type":"WebPage","@id":"https:\/\/centrodeposgraduacao.com.br\/principal\/ficha-de-inscricao-especializacao-medicina-do-trabalho-pos-graduacao-recife-pe\/#webpage","url":"https:\/\/centrodeposgraduacao.com.br\/principal\/ficha-de-inscricao-especializacao-medicina-do-trabalho-pos-graduacao-recife-pe\/","name":"Ficha de Inscri\u00e7\u00e3o Especializa\u00e7\u00e3o Medicina do Trabalho \u2013 P\u00f3s Gradua\u00e7\u00e3o \u2013 Recife\/PE - Centro de P\u00f3s Gradua\u00e7\u00e3o","isPartOf":{"@id":"https:\/\/centrodeposgraduacao.com.br\/principal\/#website"},"datePublished":"2025-06-05T21:36:37+00:00","dateModified":"2025-06-05T21:36:37+00:00","breadcrumb":{"@id":"https:\/\/centrodeposgraduacao.com.br\/principal\/ficha-de-inscricao-especializacao-medicina-do-trabalho-pos-graduacao-recife-pe\/#breadcrumb"},"inLanguage":"pt-BR","potentialAction":[{"@type":"ReadAction","target":["https:\/\/centrodeposgraduacao.com.br\/principal\/ficha-de-inscricao-especializacao-medicina-do-trabalho-pos-graduacao-recife-pe\/"]}]},{"@type":"BreadcrumbList","@id":"https:\/\/centrodeposgraduacao.com.br\/principal\/ficha-de-inscricao-especializacao-medicina-do-trabalho-pos-graduacao-recife-pe\/#breadcrumb","itemListElement":[{"@type":"ListItem","position":1,"name":"In\u00edcio","item":"https:\/\/centrodeposgraduacao.com.br\/principal\/"},{"@type":"ListItem","position":2,"name":"Ficha de Inscri\u00e7\u00e3o Especializa\u00e7\u00e3o Medicina do Trabalho \u2013 P\u00f3s Gradua\u00e7\u00e3o \u2013 Recife\/PE"}]}]}},"_links":{"self":[{"href":"https:\/\/centrodeposgraduacao.com.br\/principal\/wp-json\/wp\/v2\/pages\/2747"}],"collection":[{"href":"https:\/\/centrodeposgraduacao.com.br\/principal\/wp-json\/wp\/v2\/pages"}],"about":[{"href":"https:\/\/centrodeposgraduacao.com.br\/principal\/wp-json\/wp\/v2\/types\/page"}],"author":[{"embeddable":true,"href":"https:\/\/centrodeposgraduacao.com.br\/principal\/wp-json\/wp\/v2\/users\/6"}],"replies":[{"embeddable":true,"href":"https:\/\/centrodeposgraduacao.com.br\/principal\/wp-json\/wp\/v2\/comments?post=2747"}],"version-history":[{"count":1,"href":"https:\/\/centrodeposgraduacao.com.br\/principal\/wp-json\/wp\/v2\/pages\/2747\/revisions"}],"predecessor-version":[{"id":2748,"href":"https:\/\/centrodeposgraduacao.com.br\/principal\/wp-json\/wp\/v2\/pages\/2747\/revisions\/2748"}],"wp:attachment":[{"href":"https:\/\/centrodeposgraduacao.com.br\/principal\/wp-json\/wp\/v2\/media?parent=2747"}],"curies":[{"name":"wp","href":"https:\/\/api.w.org\/{rel}","templated":true}]}}