{"id":9,"date":"2015-12-02T10:51:51","date_gmt":"2015-12-02T10:51:51","guid":{"rendered":"http:\/\/theme-fusion.com\/avada\/university\/?page_id=9"},"modified":"2023-02-17T13:35:46","modified_gmt":"2023-02-17T13:35:46","slug":"quem-somos","status":"publish","type":"page","link":"https:\/\/centrodeposgraduacao.com.br\/principal\/quem-somos\/","title":{"rendered":"Quem Somos"},"content":{"rendered":"<div class=\"fusion-fullwidth fullwidth-box fusion-builder-row-1 fusion-flex-container nonhundred-percent-fullwidth non-hundred-percent-height-scrolling\" style=\"background-color: #f7f5f4;background-position: left top;background-repeat: no-repeat;border-width: 0px 0px 0px 0px;border-color:#e7e4e2;border-style:solid;\" ><div class=\"fusion-builder-row fusion-row fusion-flex-align-items-flex-start\" style=\"max-width:1331.2px;margin-left: calc(-4% \/ 2 );margin-right: calc(-4% \/ 2 );\"><div class=\"fusion-layout-column fusion_builder_column fusion-builder-column-0 fusion_builder_column_2_3 2_3 fusion-flex-column\"><div class=\"fusion-column-wrapper fusion-flex-justify-content-flex-start fusion-content-layout-column\" style=\"background-position:left top;background-repeat:no-repeat;-webkit-background-size:cover;-moz-background-size:cover;-o-background-size:cover;background-size:cover;padding: 0px 0px 0px 0px;\"><style type=\"text\/css\">@media only screen and (max-width:1024px) {.fusion-title.fusion-title-1{margin-top:30px!important; margin-right:0px!important;margin-bottom:20px!important;margin-left:0px!important;}}@media only screen and (max-width:640px) {.fusion-title.fusion-title-1{margin-top:10px!important; margin-right:0px!important;margin-bottom:20px!important; margin-left:0px!important;}}<\/style><div class=\"fusion-title title fusion-title-1 fusion-sep-none fusion-title-text fusion-title-size-three\" style=\"margin-top:30px;margin-right:0px;margin-bottom:20px;margin-left:0px;\"><h3 class=\"title-heading-left fusion-responsive-typography-calculated\" style=\"margin:0;--fontSize:24;line-height:1.4;\">Centro de P\u00f3s Gradua\u00e7\u00e3o<\/h3><\/div><style type=\"text\/css\">@media only screen and (max-width:1024px) {.fusion-title.fusion-title-2{margin-top:30px!important; margin-right:0px!important;margin-bottom:20px!important;margin-left:0px!important;}}@media only screen and (max-width:640px) {.fusion-title.fusion-title-2{margin-top:10px!important; margin-right:0px!important;margin-bottom:20px!important; margin-left:0px!important;}}<\/style><div class=\"fusion-title title fusion-title-2 fusion-sep-none fusion-title-text fusion-title-size-three\" style=\"margin-top:30px;margin-right:0px;margin-bottom:20px;margin-left:0px;\"><h3 class=\"title-heading-left fusion-responsive-typography-calculated\" style=\"margin:0;--fontSize:24;line-height:1.4;\">Cursos reconhecidos e autorizados pelo MEC<\/h3><\/div><div class=\"fusion-separator fusion-full-width-sep\" style=\"align-self: center;margin-left: auto;margin-right: auto;margin-top:5px;width:100%;\"><\/div><div class=\"fusion-text fusion-text-1\" style=\"text-align:justify;\"><p>O Centro de Pesquisa e P\u00f3s-gradua\u00e7\u00e3o \u00e9 formado por grupo de profissionais com Mestres, Doutores e Especialistas, que oferece Cursos de P\u00f3s-gradua\u00e7\u00e3o na \u00e1rea de sa\u00fade e demais \u00e1reas do conhecimento, certificados pela PUC Goi\u00e1s \u2013 Pontif\u00edcia Universidade Cat\u00f3lica de Goi\u00e1s \u2013 Pr\u00f3-reitoria de P\u00f3s-gradua\u00e7\u00e3o e Pesquisa.<\/p>\n<p>A P\u00f3s-gradua\u00e7\u00e3o <em>Lato Sensu<\/em> da PUC Goi\u00e1s est\u00e1 presente em diversas regi\u00f5es do Brasil, composta por profissionais altamente capacitados e experientes, professores especialistas, mestres e doutores que atuam nos cursos de Especializa\u00e7\u00e3o e de Aperfei\u00e7oamento. Os cursos contam com estrutura inovadora e atualizada, trabalhando com metodologias ativas e participativas, por meio do ensino presencial e \u00e0 dist\u00e2ncia. As a\u00e7\u00f5es da P\u00f3s-gradua\u00e7\u00e3o <em>Lato Sensu<\/em> s\u00e3o desenvolvidas a partir das principais tend\u00eancias e tem\u00e1ticas da atualidade, com o intuito de formar profissionais de alt\u00edssima qualidade.<\/p>\n<p>O Centro de Pesquisa, iniciou sua parceira com a PUC Goi\u00e1s em 2001, atuando em todos os estados da federa\u00e7\u00e3o levando, aos profissionais que desejam expandir seus conhecimentos, a possiblidade de ampliar e almejar novas habilidades, fortalecendo assim sua performance profissional.<\/p>\n<p>Alguns locais onde j\u00e1 realizamos as especializa\u00e7\u00f5es: Mato Grosso; S\u00e3o Paulo, Para\u00edba, Amazonas, Piau\u00ed, Goi\u00e1s, Mato Grosso do Sul, Acre, Tocantins . . .<\/p>\n<p>Todos os nossos cursos s\u00e3o supervisionados e certificados pela PUC Goi\u00e1s, reconhecidos e autorizados pelo MEC.<\/p>\n<p>Dezenas de cursos de P\u00f3s-gradua\u00e7\u00e3o realizados por todo o Brasil, como: Ultrassom, Medicina do Trabalho, Medicina do Tr\u00e1fego, Per\u00edcia M\u00e9dica, P\u00f3s Gradua\u00e7\u00e3o na \u00e1rea de Direito, Especializa\u00e7\u00e3o em Cl\u00ednica M\u00e9dica, Especializa\u00e7\u00e3o em UTI . .<\/p>\n<p>Nossos cursos s\u00e3o para profissionais que querem uma Especializa\u00e7\u00e3o de confian\u00e7a e qualidade, afinal, a PUC Goi\u00e1s tem mais de 60 anos de tradi\u00e7\u00e3o e inova\u00e7\u00e3o.<\/p>\n<\/div><div class=\"fusion-separator fusion-full-width-sep\" style=\"align-self: center;margin-left: auto;margin-right: auto;margin-top:25px;width:100%;\"><\/div><\/div><style type=\"text\/css\">.fusion-body .fusion-builder-column-0{width:66.666666666667% !important;margin-top : 10px;margin-bottom : 10px;}.fusion-builder-column-0 > .fusion-column-wrapper {padding-top : 0px !important;padding-right : 0px !important;margin-right : 2.88%;padding-bottom : 0px !important;padding-left : 0px !important;margin-left : 2.88%;}@media only screen and (max-width:1024px) {.fusion-body .fusion-builder-column-0{width:100% !important;}.fusion-builder-column-0 > .fusion-column-wrapper {margin-right : 1.92%;margin-left : 1.92%;}}@media only screen and (max-width:640px) {.fusion-body .fusion-builder-column-0{width:100% !important;}.fusion-builder-column-0 > .fusion-column-wrapper {margin-right : 1.92%;margin-left : 1.92%;}}<\/style><\/div><div class=\"fusion-layout-column fusion_builder_column fusion-builder-column-1 fusion_builder_column_1_3 1_3 fusion-flex-column\"><div class=\"fusion-column-wrapper fusion-flex-justify-content-flex-start fusion-content-layout-column\" style=\"background-position:left top;background-repeat:no-repeat;-webkit-background-size:cover;-moz-background-size:cover;-o-background-size:cover;background-size:cover;padding: 0px 0px 0px 0px;\"><style type=\"text\/css\">#accordion-9-1 .fusion-panel:hover, #accordion-9-1 .fusion-panel.hover{ background-color: #ffffff } #accordion-9-1 .fusion-panel { border-color:#e7e4e2; border-width:0px; background-color:#ffffff; }.fusion-accordian  #accordion-9-1 .panel-title a .fa-fusion-box{ color: #002245;}.fusion-accordian  #accordion-9-1 .panel-title a .fa-fusion-box:before{ font-size: 25px; width: 25px;}.fusion-accordian  #accordion-9-1 .panel-title a{font-size:15px;}.fusion-accordian  #accordion-9-1 .panel-title a:hover, #accordion-9-1 .fusion-toggle-boxed-mode:hover .panel-title a { color: #1a80b6;}.fusion-accordian  #accordion-9-1 .fusion-toggle-boxed-mode:hover .panel-title a .fa-fusion-box{ color: #1a80b6;}.fusion-accordian  #accordion-9-1.fusion-toggle-icon-unboxed .fusion-panel .panel-title a:hover .fa-fusion-box{ color: #1a80b6 !important;}<\/style><div class=\"accordian fusion-accordian\"><div class=\"panel-group fusion-toggle-icon-unboxed\" id=\"accordion-9-1\"><div class=\"fusion-panel panel-default fusion-toggle-no-divider fusion-toggle-boxed-mode\"><div class=\"panel-heading\"><h4 class=\"panel-title toggle\"><a class=\"active\" aria-expanded=\"true\" aria-controls=\"e087b92951a795e02\" role=\"button\" data-toggle=\"collapse\" data-parent=\"#accordion-9-1\" data-target=\"#e087b92951a795e02\" href=\"#e087b92951a795e02\"><span class=\"fusion-toggle-icon-wrapper\" aria-hidden=\"true\"><i class=\"fa-fusion-box\" aria-hidden=\"true\"><\/i><\/span><span class=\"fusion-toggle-heading\">Miss\u00e3o<\/span><\/a><\/h4><\/div><div id=\"e087b92951a795e02\" class=\"panel-collapse collapse in\"><div class=\"panel-body toggle-content fusion-clearfix\">\n<p>Em conson\u00e2ncia com a Pontif\u00edcia Universidade Cat\u00f3lica de Goi\u00e1s, o Centro de Pesquisa e P\u00f3s Gradua\u00e7\u00e3o, compactua com a mesma miss\u00e3o e valores, em que a institui\u00e7\u00e3o com mais de 60 anos de tradi\u00e7\u00e3o e inova\u00e7\u00e3o pode oferecer.<\/p>\n<p>\u201cOrientados pelos princ\u00edpios da excel\u00eancia acad\u00eamica e do compromisso social, fundamentada em sua identidade cat\u00f3lica, comunit\u00e1ria e filantr\u00f3pica, tem por miss\u00e3o desenvolver a forma\u00e7\u00e3o humana integral, associada \u00e0 produ\u00e7\u00e3o e socializa\u00e7\u00e3o do conhecimento e difus\u00e3o da cultura universal.<\/p>\n<\/div><\/div><\/div><div class=\"fusion-panel panel-default fusion-toggle-no-divider fusion-toggle-boxed-mode\"><div class=\"panel-heading\"><h4 class=\"panel-title toggle\"><a aria-expanded=\"false\" aria-controls=\"c99380a9f25d75e02\" role=\"button\" data-toggle=\"collapse\" data-parent=\"#accordion-9-1\" data-target=\"#c99380a9f25d75e02\" href=\"#c99380a9f25d75e02\"><span class=\"fusion-toggle-icon-wrapper\" aria-hidden=\"true\"><i class=\"fa-fusion-box\" aria-hidden=\"true\"><\/i><\/span><span class=\"fusion-toggle-heading\">Princ\u00edpios e Valores<\/span><\/a><\/h4><\/div><div id=\"c99380a9f25d75e02\" class=\"panel-collapse collapse \"><div class=\"panel-body toggle-content fusion-clearfix\">\n<p>\u201cA PUC Goi\u00e1s caracteriza-se como uma institui\u00e7\u00e3o compromissada com a produ\u00e7\u00e3o de um saber socialmente constru\u00eddo e historicamente preservado nos diversos n\u00edveis dos saberes: humano, cient\u00edfico e tecnol\u00f3gico, voltados ao atendimento dos interesses da maioria da popula\u00e7\u00e3o, buscando, na valoriza\u00e7\u00e3o do estudo te\u00f3rico-pr\u00e1tico, contribuir para a constru\u00e7\u00e3o da cidadania sociopol\u00edtico-econ\u00f4mica.\u201d<\/p>\n<\/div><\/div><\/div><div class=\"fusion-panel panel-default fusion-toggle-no-divider fusion-toggle-boxed-mode\"><div class=\"panel-heading\"><h4 class=\"panel-title toggle\"><a aria-expanded=\"false\" aria-controls=\"bf5a3b1231240ffab\" role=\"button\" data-toggle=\"collapse\" data-parent=\"#accordion-9-1\" data-target=\"#bf5a3b1231240ffab\" href=\"#bf5a3b1231240ffab\"><span class=\"fusion-toggle-icon-wrapper\" aria-hidden=\"true\"><i class=\"fa-fusion-box\" aria-hidden=\"true\"><\/i><\/span><span class=\"fusion-toggle-heading\">Valores<\/span><\/a><\/h4><\/div><div id=\"bf5a3b1231240ffab\" class=\"panel-collapse collapse \"><div class=\"panel-body toggle-content fusion-clearfix\">\n<p style=\"font-weight: 400;\">\u201c<strong>\u00c9tica:<\/strong>\u00a0constru\u00e7\u00e3o do saber na articula\u00e7\u00e3o rigorosa entre o\u00a0<em>ethos\u00a0<\/em>cient\u00edfico e os valores morais que orientam a conduta pessoal e profissional.\u201d<\/p>\n<p style=\"font-weight: 400;\">\u201c<strong>Verdade:\u00a0<\/strong>resultado do processo de constru\u00e7\u00e3o dos saberes, com respeito \u00e0 liberdade acad\u00eamica de investiga\u00e7\u00e3o e compromisso a com a solu\u00e7\u00e3o dos problemas regionais, nacionais e internacionais.\u201d<\/p>\n<p style=\"font-weight: 400;\">\u201c<strong>Qualidade:\u00a0<\/strong>busca de padr\u00f5es de excel\u00eancia em todas as dimens\u00f5es da a\u00e7\u00e3o pedag\u00f3gica.\u201d<\/p>\n<p style=\"font-weight: 400;\">\u201c<strong>Justi\u00e7a:<\/strong>\u00a0exig\u00eancia de que a produ\u00e7\u00e3o dos saberes, das ci\u00eancias e das tecnologias sirva ao desenvolvimento humano, da sociedade e do meio ambiente.<\/p>\n<\/div><\/div><\/div><\/div><\/div><\/div><style type=\"text\/css\">.fusion-body .fusion-builder-column-1{width:33.333333333333% !important;margin-top : 10px;margin-bottom : 10px;}.fusion-builder-column-1 > .fusion-column-wrapper {padding-top : 0px !important;padding-right : 0px !important;margin-right : 5.76%;padding-bottom : 0px !important;padding-left : 0px !important;margin-left : 5.76%;}@media only screen and (max-width:1024px) {.fusion-body .fusion-builder-column-1{width:100% !important;}.fusion-builder-column-1 > .fusion-column-wrapper {margin-right : 1.92%;margin-left : 1.92%;}}@media only screen and (max-width:640px) {.fusion-body .fusion-builder-column-1{width:100% !important;}.fusion-builder-column-1 > .fusion-column-wrapper {margin-right : 1.92%;margin-left : 1.92%;}}<\/style><\/div><\/div><style type=\"text\/css\">.fusion-body .fusion-flex-container.fusion-builder-row-1{ padding-top : 4%;margin-top : 0px;padding-right : 0px;padding-bottom : 6%;margin-bottom : 0px;padding-left : 0px;}<\/style><\/div>\n\n","protected":false},"excerpt":{"rendered":"Centro de P\u00f3s Gradua\u00e7\u00e3oCursos reconhecidos e autorizados pelo MECO Centro de Pesquisa e P\u00f3s-gradua\u00e7\u00e3o \u00e9 formado por grupo de profissionais com Mestres, Doutores e Especialistas, que oferece Cursos de P\u00f3s-gradua\u00e7\u00e3o na \u00e1rea de sa\u00fade e demais \u00e1reas do conhecimento, certificados pela PUC Goi\u00e1s \u2013 Pontif\u00edcia Universidade Cat\u00f3lica de Goi\u00e1s \u2013 Pr\u00f3-reitoria de P\u00f3s-gradua\u00e7\u00e3o e Pesquisa. A P\u00f3s-gradua\u00e7\u00e3o Lato Sensu da PUC Goi\u00e1s est\u00e1 presente em diversas regi\u00f5es do Brasil, composta por profissionais altamente capacitados e experientes, professores especialistas, mestres e doutores que atuam nos cursos de Especializa\u00e7\u00e3o e de Aperfei\u00e7oamento. Os cursos contam com estrutura inovadora e atualizada, trabalhando com metodologias [...]","protected":false},"author":1,"featured_media":0,"parent":0,"menu_order":0,"comment_status":"closed","ping_status":"closed","template":"100-width.php","meta":[],"yoast_head":"<!-- This site is optimized with the Yoast SEO plugin v16.8 - https:\/\/yoast.com\/wordpress\/plugins\/seo\/ -->\n<title>Quem Somos - Centro de P\u00f3s Gradua\u00e7\u00e3o<\/title>\n<meta name=\"robots\" content=\"index, follow, max-snippet:-1, max-image-preview:large, max-video-preview:-1\" \/>\n<link rel=\"canonical\" href=\"https:\/\/centrodeposgraduacao.com.br\/principal\/quem-somos\/\" \/>\n<meta property=\"og:locale\" content=\"pt_BR\" \/>\n<meta property=\"og:type\" content=\"article\" \/>\n<meta property=\"og:title\" content=\"Quem Somos - Centro de P\u00f3s Gradua\u00e7\u00e3o\" \/>\n<meta property=\"og:url\" content=\"https:\/\/centrodeposgraduacao.com.br\/principal\/quem-somos\/\" \/>\n<meta property=\"og:site_name\" content=\"Centro de P\u00f3s Gradua\u00e7\u00e3o\" \/>\n<meta property=\"article:modified_time\" content=\"2023-02-17T13:35:46+00:00\" \/>\n<meta name=\"twitter:card\" content=\"summary_large_image\" \/>\n<meta name=\"twitter:label1\" content=\"Est. tempo de leitura\" \/>\n\t<meta name=\"twitter:data1\" content=\"4 minutos\" \/>\n<script type=\"application\/ld+json\" class=\"yoast-schema-graph\">{\"@context\":\"https:\/\/schema.org\",\"@graph\":[{\"@type\":\"WebSite\",\"@id\":\"https:\/\/centrodeposgraduacao.com.br\/principal\/#website\",\"url\":\"https:\/\/centrodeposgraduacao.com.br\/principal\/\",\"name\":\"Centro de P\\u00f3s Gradua\\u00e7\\u00e3o\",\"description\":\"\",\"potentialAction\":[{\"@type\":\"SearchAction\",\"target\":{\"@type\":\"EntryPoint\",\"urlTemplate\":\"https:\/\/centrodeposgraduacao.com.br\/principal\/?s={search_term_string}\"},\"query-input\":\"required name=search_term_string\"}],\"inLanguage\":\"pt-BR\"},{\"@type\":\"WebPage\",\"@id\":\"https:\/\/centrodeposgraduacao.com.br\/principal\/quem-somos\/#webpage\",\"url\":\"https:\/\/centrodeposgraduacao.com.br\/principal\/quem-somos\/\",\"name\":\"Quem Somos - Centro de P\\u00f3s Gradua\\u00e7\\u00e3o\",\"isPartOf\":{\"@id\":\"https:\/\/centrodeposgraduacao.com.br\/principal\/#website\"},\"datePublished\":\"2015-12-02T10:51:51+00:00\",\"dateModified\":\"2023-02-17T13:35:46+00:00\",\"breadcrumb\":{\"@id\":\"https:\/\/centrodeposgraduacao.com.br\/principal\/quem-somos\/#breadcrumb\"},\"inLanguage\":\"pt-BR\",\"potentialAction\":[{\"@type\":\"ReadAction\",\"target\":[\"https:\/\/centrodeposgraduacao.com.br\/principal\/quem-somos\/\"]}]},{\"@type\":\"BreadcrumbList\",\"@id\":\"https:\/\/centrodeposgraduacao.com.br\/principal\/quem-somos\/#breadcrumb\",\"itemListElement\":[{\"@type\":\"ListItem\",\"position\":1,\"name\":\"In\\u00edcio\",\"item\":\"https:\/\/centrodeposgraduacao.com.br\/principal\/\"},{\"@type\":\"ListItem\",\"position\":2,\"name\":\"Quem Somos\"}]}]}<\/script>\n<!-- \/ Yoast SEO plugin. -->","yoast_head_json":{"title":"Quem Somos - Centro de P\u00f3s Gradua\u00e7\u00e3o","robots":{"index":"index","follow":"follow","max-snippet":"max-snippet:-1","max-image-preview":"max-image-preview:large","max-video-preview":"max-video-preview:-1"},"canonical":"https:\/\/centrodeposgraduacao.com.br\/principal\/quem-somos\/","og_locale":"pt_BR","og_type":"article","og_title":"Quem Somos - Centro de P\u00f3s Gradua\u00e7\u00e3o","og_url":"https:\/\/centrodeposgraduacao.com.br\/principal\/quem-somos\/","og_site_name":"Centro de P\u00f3s Gradua\u00e7\u00e3o","article_modified_time":"2023-02-17T13:35:46+00:00","twitter_card":"summary_large_image","twitter_misc":{"Est. tempo de leitura":"4 minutos"},"schema":{"@context":"https:\/\/schema.org","@graph":[{"@type":"WebSite","@id":"https:\/\/centrodeposgraduacao.com.br\/principal\/#website","url":"https:\/\/centrodeposgraduacao.com.br\/principal\/","name":"Centro de P\u00f3s Gradua\u00e7\u00e3o","description":"","potentialAction":[{"@type":"SearchAction","target":{"@type":"EntryPoint","urlTemplate":"https:\/\/centrodeposgraduacao.com.br\/principal\/?s={search_term_string}"},"query-input":"required name=search_term_string"}],"inLanguage":"pt-BR"},{"@type":"WebPage","@id":"https:\/\/centrodeposgraduacao.com.br\/principal\/quem-somos\/#webpage","url":"https:\/\/centrodeposgraduacao.com.br\/principal\/quem-somos\/","name":"Quem Somos - Centro de P\u00f3s Gradua\u00e7\u00e3o","isPartOf":{"@id":"https:\/\/centrodeposgraduacao.com.br\/principal\/#website"},"datePublished":"2015-12-02T10:51:51+00:00","dateModified":"2023-02-17T13:35:46+00:00","breadcrumb":{"@id":"https:\/\/centrodeposgraduacao.com.br\/principal\/quem-somos\/#breadcrumb"},"inLanguage":"pt-BR","potentialAction":[{"@type":"ReadAction","target":["https:\/\/centrodeposgraduacao.com.br\/principal\/quem-somos\/"]}]},{"@type":"BreadcrumbList","@id":"https:\/\/centrodeposgraduacao.com.br\/principal\/quem-somos\/#breadcrumb","itemListElement":[{"@type":"ListItem","position":1,"name":"In\u00edcio","item":"https:\/\/centrodeposgraduacao.com.br\/principal\/"},{"@type":"ListItem","position":2,"name":"Quem Somos"}]}]}},"_links":{"self":[{"href":"https:\/\/centrodeposgraduacao.com.br\/principal\/wp-json\/wp\/v2\/pages\/9"}],"collection":[{"href":"https:\/\/centrodeposgraduacao.com.br\/principal\/wp-json\/wp\/v2\/pages"}],"about":[{"href":"https:\/\/centrodeposgraduacao.com.br\/principal\/wp-json\/wp\/v2\/types\/page"}],"author":[{"embeddable":true,"href":"https:\/\/centrodeposgraduacao.com.br\/principal\/wp-json\/wp\/v2\/users\/1"}],"replies":[{"embeddable":true,"href":"https:\/\/centrodeposgraduacao.com.br\/principal\/wp-json\/wp\/v2\/comments?post=9"}],"version-history":[{"count":11,"href":"https:\/\/centrodeposgraduacao.com.br\/principal\/wp-json\/wp\/v2\/pages\/9\/revisions"}],"predecessor-version":[{"id":2264,"href":"https:\/\/centrodeposgraduacao.com.br\/principal\/wp-json\/wp\/v2\/pages\/9\/revisions\/2264"}],"wp:attachment":[{"href":"https:\/\/centrodeposgraduacao.com.br\/principal\/wp-json\/wp\/v2\/media?parent=9"}],"curies":[{"name":"wp","href":"https:\/\/api.w.org\/{rel}","templated":true}]}}